{"id":524,"date":"2024-08-22T13:55:37","date_gmt":"2024-08-22T11:55:37","guid":{"rendered":"https:\/\/derlandweg.de\/shop\/farbenfreude\/?page_id=524"},"modified":"2025-10-31T13:20:25","modified_gmt":"2025-10-31T12:20:25","slug":"abholung","status":"publish","type":"page","link":"https:\/\/derlandweg.de\/shop\/farbenfreude\/abholung\/","title":{"rendered":"Selbstabholung"},"content":{"rendered":"<p>[et_pb_section fb_built=&#8220;1&#8243; _builder_version=&#8220;4.27.0&#8243; _module_preset=&#8220;default&#8220; custom_padding=&#8220;0px||||false|false&#8220; global_colors_info=&#8220;{}&#8220;][et_pb_row _builder_version=&#8220;4.27.0&#8243; _module_preset=&#8220;default&#8220; global_colors_info=&#8220;{}&#8220;][et_pb_column type=&#8220;4_4&#8243; _builder_version=&#8220;4.27.0&#8243; _module_preset=&#8220;default&#8220; global_colors_info=&#8220;{}&#8220;][et_pb_text _builder_version=&#8220;4.27.4&#8243; _module_preset=&#8220;default&#8220; hover_enabled=&#8220;0&#8243; global_colors_info=&#8220;{}&#8220; sticky_enabled=&#8220;0&#8243;]<\/p>\n<h2>Selbstabholung bei<em> farbenfreude<\/em><\/h2>\n<p>Wenn Ihr im St\u00e4dtedreieck N\u00fcrnberg-F\u00fcrth-Erlangen oder in der Fr\u00e4nkischen Schweiz wohnt und arbeitet, k\u00f6nnt Ihr die Kalender auch selbst <strong>in Wei\u00dfenohe<\/strong> bei mir abholen.<br \/>Hierf\u00fcr biete ich auch den Barverkauf an.<br \/>Wenn Ihr \u00fcber den Online-Shop bestellt und Selbstabholung w\u00e4hlt, erhaltet Ihr wie gewohnt die Rechnung und k\u00f6nnt gerne gleich per \u00dcberweisung bezahlen.<\/p>\n<p>Um den Zeitpunkt der Abholung zu vereinbaren, m\u00fcsstet Ihr mich unbedingt vorab kontaktieren, da es keine regul\u00e4ren \u00d6ffnungzeiten gibt (ich sitze lediglich dann und wann in meinem B\u00fcro<span class=\"JCzEY tNxQIb\"><span class=\"CSkcDe\">\ud83d\ude0c<\/span><\/span>). Bitte pr\u00fcft vorab, ob der Kauf in einem <a href=\"https:\/\/derlandweg.de\/shop\/farbenfreude\/hier-im-laden\/\">Gesch\u00e4ft in Eurer N\u00e4he<\/a> evtl. die bessere Alternative f\u00fcr Euch ist!<\/p>\n<p>Tel.: 09192 993390<br \/>Mail: post(at)farbenfreude.com<\/p>\n<p>Bitte rechnet einige Tage Vorlauf mit ein. Herzlichen Dank!<\/p>\n<p>[\/et_pb_text][\/et_pb_column][\/et_pb_row][\/et_pb_section]<\/p>\n","protected":false},"excerpt":{"rendered":"<p>Selbstabholung bei farbenfreude Wenn Ihr im St\u00e4dtedreieck N\u00fcrnberg-F\u00fcrth-Erlangen oder in der Fr\u00e4nkischen Schweiz wohnt und arbeitet, k\u00f6nnt Ihr die Kalender auch selbst in Wei\u00dfenohe bei mir abholen.Hierf\u00fcr biete ich auch den Barverkauf an.Wenn Ihr \u00fcber den Online-Shop bestellt und Selbstabholung w\u00e4hlt, erhaltet Ihr wie gewohnt die Rechnung und k\u00f6nnt gerne gleich per \u00dcberweisung bezahlen. Um [&hellip;]<\/p>\n","protected":false},"author":1,"featured_media":0,"parent":0,"menu_order":0,"comment_status":"closed","ping_status":"closed","template":"","meta":{"_et_pb_use_builder":"on","_et_pb_old_content":"","_et_gb_content_width":"","footnotes":""},"class_list":["post-524","page","type-page","status-publish","hentry"],"_links":{"self":[{"href":"https:\/\/derlandweg.de\/shop\/farbenfreude\/wp-json\/wp\/v2\/pages\/524","targetHints":{"allow":["GET"]}}],"collection":[{"href":"https:\/\/derlandweg.de\/shop\/farbenfreude\/wp-json\/wp\/v2\/pages"}],"about":[{"href":"https:\/\/derlandweg.de\/shop\/farbenfreude\/wp-json\/wp\/v2\/types\/page"}],"author":[{"embeddable":true,"href":"https:\/\/derlandweg.de\/shop\/farbenfreude\/wp-json\/wp\/v2\/users\/1"}],"replies":[{"embeddable":true,"href":"https:\/\/derlandweg.de\/shop\/farbenfreude\/wp-json\/wp\/v2\/comments?post=524"}],"version-history":[{"count":13,"href":"https:\/\/derlandweg.de\/shop\/farbenfreude\/wp-json\/wp\/v2\/pages\/524\/revisions"}],"predecessor-version":[{"id":1572,"href":"https:\/\/derlandweg.de\/shop\/farbenfreude\/wp-json\/wp\/v2\/pages\/524\/revisions\/1572"}],"wp:attachment":[{"href":"https:\/\/derlandweg.de\/shop\/farbenfreude\/wp-json\/wp\/v2\/media?parent=524"}],"curies":[{"name":"wp","href":"https:\/\/api.w.org\/{rel}","templated":true}]}}