{"id":565,"date":"2024-08-22T19:13:10","date_gmt":"2024-08-22T17:13:10","guid":{"rendered":"https:\/\/derlandweg.de\/shop\/farbenfreude\/?post_type=product&#038;p=565"},"modified":"2026-04-15T10:44:13","modified_gmt":"2026-04-15T08:44:13","slug":"geschenkset-adventskalender-mit-karte","status":"publish","type":"product","link":"https:\/\/derlandweg.de\/shop\/farbenfreude\/produkt\/geschenkset-adventskalender-mit-karte\/","title":{"rendered":"Geschenkset Adventskalender mit Karte"},"content":{"rendered":"","protected":false},"excerpt":{"rendered":"<p><em>farbenfreude<\/em> verschenken! Die Gru\u00dfkarte ist hier gleich mit dabei und wir liefern beides zusammen. Sie ist hinten nicht unterteilt, die ganze R\u00fcckseite kann beschrieben werden. In diesem Jahr zeigt die Karte einen Ausschnitt aus dem Kalendermotiv.<\/p>\n<p>Mehr bestellen: 5% Rabatt ab 10 St\u00fcck im Shop; 10% Rabatt ab 20 St\u00fcck gerne \u00fcber das Formular: <a title=\"Sammelbestellungen\" href=\"https:\/\/derlandweg.de\/shop\/farbenfreude\/wp-content\/uploads\/sites\/2\/2025\/05\/Bestellformular-Sammelbesteller_farbenfreude-_shop_2025.pdf\" target=\"_blank\" rel=\"noopener\">Bestellformular per Mail senden<\/a><\/p>\n","protected":false},"featured_media":1362,"template":"","meta":{"_et_pb_use_builder":"","_et_pb_old_content":"","_et_gb_content_width":""},"product_brand":[],"product_cat":[21],"product_tag":[22,62,61],"class_list":{"0":"post-565","1":"product","2":"type-product","3":"status-publish","4":"has-post-thumbnail","6":"product_cat-farbenfreude","7":"product_tag-adventskalender","8":"product_tag-farbenfreude","9":"product_tag-geschenkset","11":"first","12":"instock","13":"taxable","14":"shipping-taxable","15":"purchasable","16":"product-type-simple"},"_links":{"self":[{"href":"https:\/\/derlandweg.de\/shop\/farbenfreude\/wp-json\/wp\/v2\/product\/565","targetHints":{"allow":["GET"]}}],"collection":[{"href":"https:\/\/derlandweg.de\/shop\/farbenfreude\/wp-json\/wp\/v2\/product"}],"about":[{"href":"https:\/\/derlandweg.de\/shop\/farbenfreude\/wp-json\/wp\/v2\/types\/product"}],"wp:featuredmedia":[{"embeddable":true,"href":"https:\/\/derlandweg.de\/shop\/farbenfreude\/wp-json\/wp\/v2\/media\/1362"}],"wp:attachment":[{"href":"https:\/\/derlandweg.de\/shop\/farbenfreude\/wp-json\/wp\/v2\/media?parent=565"}],"wp:term":[{"taxonomy":"product_brand","embeddable":true,"href":"https:\/\/derlandweg.de\/shop\/farbenfreude\/wp-json\/wp\/v2\/product_brand?post=565"},{"taxonomy":"product_cat","embeddable":true,"href":"https:\/\/derlandweg.de\/shop\/farbenfreude\/wp-json\/wp\/v2\/product_cat?post=565"},{"taxonomy":"product_tag","embeddable":true,"href":"https:\/\/derlandweg.de\/shop\/farbenfreude\/wp-json\/wp\/v2\/product_tag?post=565"}],"curies":[{"name":"wp","href":"https:\/\/api.w.org\/{rel}","templated":true}]}}