{"id":64,"date":"2024-08-05T12:31:05","date_gmt":"2024-08-05T10:31:05","guid":{"rendered":"https:\/\/derlandweg.de\/shop\/farbenfreude\/?post_type=product&#038;p=64"},"modified":"2026-04-15T10:44:13","modified_gmt":"2026-04-15T08:44:13","slug":"adventskalender-2024","status":"publish","type":"product","link":"https:\/\/derlandweg.de\/shop\/farbenfreude\/produkt\/adventskalender-2024\/","title":{"rendered":"&#8222;Winterliches Leuchten&#8220; &#8211; Adventskalender 2025"},"content":{"rendered":"","protected":false},"excerpt":{"rendered":"<p><em><strong>farbenfreude-<\/strong><\/em>Adventskalender 2025<br \/>\n&#8222;Winterliches Leuchten&#8220; &#8211; Motiv von Heike Murolo<br \/>\nHochwertiger Kunstkalender mit Schokolade gef\u00fcllt. Pro Kalender geht 1,- \u20ac an Schulworkshops des Vereins we integrate.<\/p>\n<p>Mehr bestellen: 5% Rabatt ab 10 St\u00fcck im Shop; 10% Rabatt ab 20 St\u00fcck gerne \u00fcber das Formular: <a title=\"Sammelbestellungen\" href=\"https:\/\/derlandweg.de\/shop\/farbenfreude\/wp-content\/uploads\/sites\/2\/2025\/05\/Bestellformular-Sammelbesteller_farbenfreude-_shop_2025.pdf\" target=\"_blank\" rel=\"noopener\">Bestellformular per Mail senden<\/a><\/p>\n","protected":false},"featured_media":981,"template":"","meta":{"_et_pb_use_builder":"off","_et_pb_old_content":"","_et_gb_content_width":""},"product_brand":[],"product_cat":[21],"product_tag":[19,55,22,56,51,64,58,57],"class_list":{"0":"post-64","1":"product","2":"type-product","3":"status-publish","4":"has-post-thumbnail","6":"product_cat-farbenfreude","7":"product_tag-19","8":"product_tag-advent","9":"product_tag-adventskalender","10":"product_tag-besonders","11":"product_tag-fraenkisch","12":"product_tag-oekologisch","13":"product_tag-regional","14":"product_tag-sozial","16":"first","17":"instock","18":"taxable","19":"shipping-taxable","20":"purchasable","21":"product-type-simple"},"_links":{"self":[{"href":"https:\/\/derlandweg.de\/shop\/farbenfreude\/wp-json\/wp\/v2\/product\/64","targetHints":{"allow":["GET"]}}],"collection":[{"href":"https:\/\/derlandweg.de\/shop\/farbenfreude\/wp-json\/wp\/v2\/product"}],"about":[{"href":"https:\/\/derlandweg.de\/shop\/farbenfreude\/wp-json\/wp\/v2\/types\/product"}],"wp:featuredmedia":[{"embeddable":true,"href":"https:\/\/derlandweg.de\/shop\/farbenfreude\/wp-json\/wp\/v2\/media\/981"}],"wp:attachment":[{"href":"https:\/\/derlandweg.de\/shop\/farbenfreude\/wp-json\/wp\/v2\/media?parent=64"}],"wp:term":[{"taxonomy":"product_brand","embeddable":true,"href":"https:\/\/derlandweg.de\/shop\/farbenfreude\/wp-json\/wp\/v2\/product_brand?post=64"},{"taxonomy":"product_cat","embeddable":true,"href":"https:\/\/derlandweg.de\/shop\/farbenfreude\/wp-json\/wp\/v2\/product_cat?post=64"},{"taxonomy":"product_tag","embeddable":true,"href":"https:\/\/derlandweg.de\/shop\/farbenfreude\/wp-json\/wp\/v2\/product_tag?post=64"}],"curies":[{"name":"wp","href":"https:\/\/api.w.org\/{rel}","templated":true}]}}