{"id":877,"date":"2024-12-07T15:59:16","date_gmt":"2024-12-07T14:59:16","guid":{"rendered":"https:\/\/derlandweg.de\/shop\/farbenfreude\/?post_type=product&#038;p=877"},"modified":"2026-04-15T10:41:24","modified_gmt":"2026-04-15T08:41:24","slug":"einzel-versandkarton","status":"publish","type":"product","link":"https:\/\/derlandweg.de\/shop\/farbenfreude\/produkt\/einzel-versandkarton\/","title":{"rendered":"Einzel-Versandkarton"},"content":{"rendered":"<p>Du willst den Adventskalender versenden? Optimal f\u00fcr den Geschenkversand, vor allem auch f\u00fcr Firmen: Wir liefern die Kartons f\u00fcr den Einzelversand gleich mit &#8211; zum unschlagbaren Preis!<br \/>\n!!! Achtung: Die Kartons sind nur in Kombination mit den Adventskalendern im Shop bestellbar!<\/p>\n","protected":false},"excerpt":{"rendered":"<p>Du willst den Adventskalender versenden? Optimal f\u00fcr den Geschenkversand, vor allem auch f\u00fcr Firmen: Wir liefern die Kartons f\u00fcr den Einzelversand gleich mit &#8211; zum unschlagbaren Preis! !!! Achtung: Die Kartons sind nur in Kombination mit den Adventskalendern im Shop bestellbar!<\/p>\n","protected":false},"featured_media":1577,"template":"","meta":{"_et_pb_use_builder":"","_et_pb_old_content":"","_et_gb_content_width":""},"product_brand":[],"product_cat":[15,21],"product_tag":[],"class_list":{"0":"post-877","1":"product","2":"type-product","3":"status-publish","4":"has-post-thumbnail","6":"product_cat-unkategorisiert","7":"product_cat-farbenfreude","9":"first","10":"instock","11":"taxable","12":"shipping-taxable","13":"purchasable","14":"product-type-simple"},"_links":{"self":[{"href":"https:\/\/derlandweg.de\/shop\/farbenfreude\/wp-json\/wp\/v2\/product\/877","targetHints":{"allow":["GET"]}}],"collection":[{"href":"https:\/\/derlandweg.de\/shop\/farbenfreude\/wp-json\/wp\/v2\/product"}],"about":[{"href":"https:\/\/derlandweg.de\/shop\/farbenfreude\/wp-json\/wp\/v2\/types\/product"}],"wp:featuredmedia":[{"embeddable":true,"href":"https:\/\/derlandweg.de\/shop\/farbenfreude\/wp-json\/wp\/v2\/media\/1577"}],"wp:attachment":[{"href":"https:\/\/derlandweg.de\/shop\/farbenfreude\/wp-json\/wp\/v2\/media?parent=877"}],"wp:term":[{"taxonomy":"product_brand","embeddable":true,"href":"https:\/\/derlandweg.de\/shop\/farbenfreude\/wp-json\/wp\/v2\/product_brand?post=877"},{"taxonomy":"product_cat","embeddable":true,"href":"https:\/\/derlandweg.de\/shop\/farbenfreude\/wp-json\/wp\/v2\/product_cat?post=877"},{"taxonomy":"product_tag","embeddable":true,"href":"https:\/\/derlandweg.de\/shop\/farbenfreude\/wp-json\/wp\/v2\/product_tag?post=877"}],"curies":[{"name":"wp","href":"https:\/\/api.w.org\/{rel}","templated":true}]}}